{"id":967,"date":"2020-09-16T12:56:56","date_gmt":"2020-09-16T10:56:56","guid":{"rendered":"http:\/\/malhaus-jenfeld.de\/?page_id=967"},"modified":"2023-01-04T12:31:01","modified_gmt":"2023-01-04T11:31:01","slug":"englischkurs-anfaenger","status":"publish","type":"page","link":"http:\/\/malhaus-jenfeld.de\/?page_id=967","title":{"rendered":"Englischkurs Anf\u00e4nger:innen"},"content":{"rendered":"\t\t<div data-elementor-type=\"wp-page\" data-elementor-id=\"967\" class=\"elementor elementor-967\">\n\t\t\t\t\t\t\t\t\t<section class=\"elementor-section elementor-top-section elementor-element elementor-element-ecd703f elementor-section-boxed elementor-section-height-default elementor-section-height-default\" data-id=\"ecd703f\" data-element_type=\"section\">\n\t\t\t\t\t\t<div class=\"elementor-container elementor-column-gap-default\">\n\t\t\t\t\t<div class=\"elementor-column elementor-col-100 elementor-top-column elementor-element elementor-element-a0e5630\" data-id=\"a0e5630\" data-element_type=\"column\">\n\t\t\t<div class=\"elementor-widget-wrap elementor-element-populated\">\n\t\t\t\t\t\t\t\t<div class=\"elementor-element elementor-element-582f542 elementor-widget elementor-widget-text-editor\" data-id=\"582f542\" data-element_type=\"widget\" data-widget_type=\"text-editor.default\">\n\t\t\t\t<div class=\"elementor-widget-container\">\n\t\t\t\t\t\t\t<p>Am Dienstag findet von 10:30-12:00 Uhr unser Englischkurs f\u00fcr fortgeschrittene Anf\u00e4nger:innen statt. <strong>Es sind noch Pl\u00e4tze frei!<\/strong> Interessenten k\u00f6nnen zum Schnuppertermin vorbei kommen.&nbsp;<\/p>\n<p>Melden Sie sich einfach telefonisch unter: 040- 6545004 oder per E-mail<br><a href=\"mailto:kulturinitiative@quadriga-hamburg.de\">kulturinitiative@quadriga-hamburg.de<\/a> an.<\/p>\t\t\t\t\t\t<\/div>\n\t\t\t\t<\/div>\n\t\t\t\t\t<\/div>\n\t\t<\/div>\n\t\t\t\t\t\t\t<\/div>\n\t\t<\/section>\n\t\t\t\t\t\t\t<\/div>\n\t\t","protected":false},"excerpt":{"rendered":"<p>Am Dienstag findet von 10:30-12:00 Uhr unser Englischkurs f\u00fcr fortgeschrittene Anf\u00e4nger:innen statt. Es sind noch Pl\u00e4tze frei! Interessenten k\u00f6nnen zum Schnuppertermin vorbei kommen. Melden Sie sich einfach telefonisch unter: 040- 6545004 oder per E-mail kulturinitiative@quadriga-hamburg.de an.<\/p>\n","protected":false},"author":2,"featured_media":0,"parent":0,"menu_order":0,"comment_status":"closed","ping_status":"closed","template":"","meta":{"footnotes":""},"_links":{"self":[{"href":"http:\/\/malhaus-jenfeld.de\/index.php?rest_route=\/wp\/v2\/pages\/967"}],"collection":[{"href":"http:\/\/malhaus-jenfeld.de\/index.php?rest_route=\/wp\/v2\/pages"}],"about":[{"href":"http:\/\/malhaus-jenfeld.de\/index.php?rest_route=\/wp\/v2\/types\/page"}],"author":[{"embeddable":true,"href":"http:\/\/malhaus-jenfeld.de\/index.php?rest_route=\/wp\/v2\/users\/2"}],"replies":[{"embeddable":true,"href":"http:\/\/malhaus-jenfeld.de\/index.php?rest_route=%2Fwp%2Fv2%2Fcomments&post=967"}],"version-history":[{"count":9,"href":"http:\/\/malhaus-jenfeld.de\/index.php?rest_route=\/wp\/v2\/pages\/967\/revisions"}],"predecessor-version":[{"id":2283,"href":"http:\/\/malhaus-jenfeld.de\/index.php?rest_route=\/wp\/v2\/pages\/967\/revisions\/2283"}],"wp:attachment":[{"href":"http:\/\/malhaus-jenfeld.de\/index.php?rest_route=%2Fwp%2Fv2%2Fmedia&parent=967"}],"curies":[{"name":"wp","href":"https:\/\/api.w.org\/{rel}","templated":true}]}}